{"id":43,"date":"2016-03-07T19:52:14","date_gmt":"2016-03-07T19:52:14","guid":{"rendered":"http:\/\/medicinaveterinaria.ulpgc.es\/?page_id=43"},"modified":"2016-05-28T18:36:44","modified_gmt":"2016-05-28T18:36:44","slug":"equipo-2","status":"publish","type":"page","link":"https:\/\/medicinaveterinaria.ulpgc.es\/?page_id=43","title":{"rendered":"Equipo"},"content":{"rendered":"<p>Al clicar sobre el nombre del investigador acceder\u00e1 a su perfil en Scopus donde podr\u00e1 consultar los art\u00edculos publicados y dem\u00e1s informaci\u00f3n ofrecida por Scopus. Sobre la foto podr\u00e1 acceder a sus perfiles en las redes sociales.<\/p>\n","protected":false},"excerpt":{"rendered":"<p>Al clicar sobre el nombre del investigador acceder\u00e1 a su perfil en Scopus donde podr\u00e1 consultar los art\u00edculos publicados y dem\u00e1s informaci\u00f3n ofrecida por Scopus. Sobre la foto podr\u00e1 acceder a sus perfiles en las redes sociales.<\/p>\n","protected":false},"author":1,"featured_media":0,"parent":0,"menu_order":0,"comment_status":"closed","ping_status":"closed","template":"about-us.php","meta":[],"_links":{"self":[{"href":"https:\/\/medicinaveterinaria.ulpgc.es\/index.php?rest_route=\/wp\/v2\/pages\/43"}],"collection":[{"href":"https:\/\/medicinaveterinaria.ulpgc.es\/index.php?rest_route=\/wp\/v2\/pages"}],"about":[{"href":"https:\/\/medicinaveterinaria.ulpgc.es\/index.php?rest_route=\/wp\/v2\/types\/page"}],"author":[{"embeddable":true,"href":"https:\/\/medicinaveterinaria.ulpgc.es\/index.php?rest_route=\/wp\/v2\/users\/1"}],"replies":[{"embeddable":true,"href":"https:\/\/medicinaveterinaria.ulpgc.es\/index.php?rest_route=%2Fwp%2Fv2%2Fcomments&post=43"}],"version-history":[{"count":4,"href":"https:\/\/medicinaveterinaria.ulpgc.es\/index.php?rest_route=\/wp\/v2\/pages\/43\/revisions"}],"predecessor-version":[{"id":346,"href":"https:\/\/medicinaveterinaria.ulpgc.es\/index.php?rest_route=\/wp\/v2\/pages\/43\/revisions\/346"}],"wp:attachment":[{"href":"https:\/\/medicinaveterinaria.ulpgc.es\/index.php?rest_route=%2Fwp%2Fv2%2Fmedia&parent=43"}],"curies":[{"name":"wp","href":"https:\/\/api.w.org\/{rel}","templated":true}]}}